{"id":3,"date":"2020-07-04T10:45:11","date_gmt":"2020-07-04T10:45:11","guid":{"rendered":"https:\/\/motelgilau.ro\/?page_id=3"},"modified":"2022-07-04T19:39:56","modified_gmt":"2022-07-04T16:39:56","slug":"privacy-policy","status":"publish","type":"page","link":"https:\/\/motelgilau.ro\/en\/privacy-policy\/","title":{"rendered":"Privacy Policy"},"content":{"rendered":"<p><strong>Dragi oaspe\u021bi,<\/strong><\/p>\n<p>Dorin\u021ba noastr\u0103 este s\u0103 v\u0103 oferim o experien\u021b\u0103 de neuitat. Pentru aceasta, am stabilit o serie de reguli de care v\u0103 rug\u0103m, \u00een mod respectuos, s\u0103 \u021bine\u021bi cont at\u00e2t \u00een timpul, dar \u0219i dup\u0103 ce s-a \u00eencheiat sejurul dumneavoastr\u0103 \u00een motelul nostru.<\/p>\n<p><strong>Rezerv\u0103ri <\/strong><\/p>\n<p>Pentru a efectua o rezervare, v\u0103 rug\u0103m s\u0103 completa\u021bi formularul de pe website <a href=\"https:\/\/motelgilau.ro\/\"><strong>https:\/\/motelgilau.ro\/<\/strong><\/a>, apela\u021bi numerele de telefon <strong>+ (4) 0264\/371-745<\/strong>\u00a0 sau contacta\u021bi-ne pe adresele de e-mail <strong>ofiice@motelgilau.ro<\/strong>.<\/p>\n<p><strong>Anularea rezerv\u0103rilor<\/strong><\/p>\n<p>\u00cen cazul \u00een care dori\u021bi s\u0103 anula\u021bi o rezervare, va trebui s\u0103 ne contacta\u021bi prin email sau telefon.<\/p>\n<p>Pentru anul\u0103rile efectuate p\u00e2n\u0103 la ora 12:00 a zilei precedente sosirii nu se percepe nicio taxa suplimentar\u0103. Anularea rezerv\u0103rii dup\u0103 acest termen sau neprezentarea la cazare f\u0103r\u0103 a anun\u021ba \u00een prealabil atrage dup\u0103 sine o tax\u0103 de anulare\/no-show, reprezent\u00e2nd contravaloarea primei nop\u021bi de cazare.<\/p>\n<p><strong>Tarife<\/strong><\/p>\n<p>Tarifele pe care vi le putem oferi difer\u0103 \u00een func\u021bie de tipul camerei pentru care opta\u021bi, disponibilitate, ziua s\u0103pt\u0103m\u00e2nii \u0219i sezon. Mai multe informa\u021bii g\u0103si\u021bi \u00een sec\u021biunea Camere: <strong><a href=\"https:\/\/motelgilau.ro\/camere\/\">https:\/\/motelgilau.ro\/camere\/<\/a><\/strong>.<\/p>\n<p><strong>Modalit\u0103\u021bi de plat\u0103<\/strong><\/p>\n<p>C\u0103 modalit\u0103\u021bi de plat\u0103 accept\u0103m pl\u0103ti \u00een numerar, cu c\u00e2rd de credit\/debit (Visa, MasterCard, Maestro), precum \u0219i prin transfer bancar.<\/p>\n<p><strong>Sosirea \u0219i plecarea<\/strong><\/p>\n<p>Cazarea \u00een camer\u0103 se poate face \u00eencep\u00e2nd cu ora 14:00.<\/p>\n<p>Eliberarea camerei \u00een ziua plec\u0103rii se va face p\u00e2n\u0103 la ora 12:00.<\/p>\n<p>Primirea camerei mai devreme, dar \u0219i eliberarea acesteia mai t\u00e2rziu de orele men\u021bionate mai sus este posibil\u0103 la cerere, \u00een func\u021bie de disponibilitate, iar eventualele costuri suplimentare pentru aceste servicii sunt disponibile la recep\u021bie.<\/p>\n<p>Oaspe\u021bii care elibereaz\u0103 camerele p\u00e2n\u0103 la ora 12:00 pot l\u0103sa bagajele \u00een camera de bagaje pentru un interval de 24 de ore, f\u0103r\u0103 costuri suplimentare.<\/p>\n<p><strong>Copii<\/strong><\/p>\n<p>Nu exist\u0103 costuri suplimentare pentru copiii cu v\u00e2rste de p\u00e2n\u0103 la 12 ani care stau \u00een camer\u0103 \u00eempreun\u0103 cu p\u0103rin\u021bii, folosind paturile existente.<\/p>\n<p><strong>Animalele de companie<\/strong><\/p>\n<p>Suntem un restaurant care iube\u0219te animalele \u0219i vrem s\u0103 ne asigur\u0103m c\u0103 animalul dumneavoastr\u0103 de companie se bucur\u0103 de timpul petrecut \u00eempreun\u0103 \u00een loca\u021bia noastr\u0103.<\/p>\n<p><br \/>\u00cei este permis animalului t\u0103u de companie s\u0103 r\u0103m\u00e2n\u0103 cu tine pe terasa exterioar\u0103. De asemenea, spa\u021biul verde vast din jurul terasei v\u0103 permite s\u0103 v\u0103 juca\u021bi cu prietenii vo\u0219tri!<\/p>\n<p>Nu permitem animale de companie la cazare, dar v\u0103 putem oferi un contact de la hotelul de animale de companie din apropiere ( doar 500 m ), unde prietenii patrupezi pot fi caza\u021bi .<\/p>\n<p>V\u0103 rug\u0103m s\u0103 contacta\u021bi recep\u021bia noastr\u0103 pentru mai multe informa\u021bii.<\/p>\n<p><strong>Restaurant \u0219i bar<\/strong><\/p>\n<p>Micul dejun se serve\u0219te zilnic \u00eentre orele 9:00 \u2013 11:30.<\/p>\n<p>Reastaurantul \u0219i Barul este deschis p\u00e2n\u0103 la ora 21.<\/p>\n<p><strong>Fumatul<\/strong><\/p>\n<p>Deoarece promovam o atitudine eco-responsabil\u0103, fumatul nu este permis \u00een camerele de la Motel Gil\u0103u.<\/p>\n<p><strong>Spa\u021biul de parcare<\/strong><\/p>\n<p>Parcarea se poate face \u00een curtea motelului, f\u0103r\u0103 niciun cost suplimentar \u0219i \u00een limita disponibilit\u0103\u021bii.<\/p>\n<p><strong>Siguran\u021ba obiectelor personale<\/strong><\/p>\n<p>Motel Gil\u0103u este dotat cu sisteme electronice omologate de monitorizare a accesului \u00een camer\u0103. Nu ne asum\u0103m r\u0103spunderea pentru obiectele uitate, pierdute sau presupus furate \u00een incinta motelului, restaurantului sau barului.<\/p>\n<p><strong>Siguran\u021ba cailor de acces \u0219i a transportului<\/strong><\/p>\n<p>C\u0103ile de acces \u0219i mijloacele de transport existente \u00een incinta Motel Gil\u0103u respect\u0103 normele legisla\u021biei \u00een vigoare. Motelul nu \u00ee\u0219i asum\u0103 responsabilitatea fa\u021b\u0103 de eventualele prejudicii, materiale sau fizice, cauzate oaspe\u021bilor \u00een timpul utiliz\u0103rii mijloacelor de transport sau a c\u0103ilor de acces.<\/p>\n<p><strong>Asisten\u021ba special\u0103<\/strong><\/p>\n<p>Dorin\u021ba noastr\u0103 este s\u0103 asigur\u0103m cele mai bune condi\u021bii persoanelor cu handicap. Marea majoritate a spa\u021biilor din motelul nostru sunt accesibile \u0219i persoanelor \u00een scaun cu rotile. Dac\u0103 ave\u021bi nevoie de asisten\u021b\u0103 special\u0103 de orice natur\u0103, v\u0103 rug\u0103m s\u0103 ne anun\u021ba\u021bi \u00een avans, pentru a v\u0103 putea oferi un sejur c\u00e2t mai agreabil.<\/p>\n<p><strong>Confiden\u021bialitatea informa\u021biilor<\/strong><\/p>\n<p>Dac\u0103 ne contacta\u021bi prin e-mail, fax sau prin intermediul acestui website, ne vom permite s\u0103 v\u0103 contact\u0103m pe viitor pentru a v\u0103 trimite materiale \u0219i oferte promo\u021bionale sau pentru a v\u0103 informa \u00een leg\u0103tur\u0103 cu evenimentele pe care le vom organiza. Nu vom folosi niciodat\u0103 numele sau informa\u021biile dumneavoastr\u0103 f\u0103r\u0103 s\u0103 avem \u00een prealabil acordul dumneavoastr\u0103. Ve\u021bi avea posibilitatea s\u0103 ne comunica\u021bi dac\u0103 dori\u021bi s\u0103 primi\u021bi aceste informa\u021bii pe viitor.<\/p>\n<p><strong>Politica de protec\u021bie a mediului<\/strong><\/p>\n<p>Protec\u021bia mediului reprezint\u0103 pentru noi o permanent\u0103 preocupare, de aceea promovam o atitudine eco-responsabil\u0103.<\/p>\n<p>O economisire a detergen\u021bilor presupune o conservare mai bun\u0103 a mediului \u00eenconjur\u0103tor. De aceea, pentru rezerv\u0103rile a c\u0103ror durat\u0103 dep\u0103\u0219e\u0219te trei nop\u021bi, vom schimba lenjeriile \u0219i prosoapele o dat\u0103 la trei zile, sau la cererea dumneavoastr\u0103. Pentru a ne semnaliza dorin\u021ba dumneavoastr\u0103 de a schimba lenjeria sau prosoapele, v\u0103 rug\u0103m s\u0103 le l\u0103sa\u021bi pe podea.<\/p>\n<p><strong>Programe de fidelizare<\/strong><\/p>\n<p>Ne rezerv\u0103m dreptul de a acorda diferite bonusuri \u0219i servicii suplimentare, f\u0103r\u0103 plat\u0103, cu scopul fideliz\u0103rii clien\u021bilor no\u0219tri.<\/p>\n<p><strong>Cod de conduit\u0103<\/strong><\/p>\n<p>Personalul motelului \u00ee\u0219i va \u00eent\u00e2mpina \u00eentotdeauna oaspe\u021bii cu amabilitate \u0219i va face tot posibilul pentru a \u00eendeplini orice solicitare venit\u0103 din partea acestora. \u00cen cazul \u00een care un oaspete sau un vizitator al motelului, prin aspectul, comportamentul s\u0103u starea \u00een care se afla, va produce incidente nepl\u0103cute, deranj\u00e2nd pe ceilal\u021bi oaspe\u021bi \u0219i afect\u00e2nd astfel imaginea motelului, acesta va fi invitat imediat s\u0103 p\u0103r\u0103seasc\u0103 \u00eenc\u00eenta motelului. \u00cen acest sens, Motel Gil\u0103u \u00ee\u0219i rezerv\u0103 dreptul de a-\u0219i selecta oaspe\u021bii.<\/p>\n<p><strong>Dispute \u0219i reclama\u021bii<\/strong><\/p>\n<p>Ne rezerv\u0103m dreptul de a debita cardul de debit\/credit al oaspe\u021bilor no\u0219tri, independent de voin\u021ba acestora, \u00een urm\u0103toarele cazuri: c\u00e2nd oaspetele pleac\u0103 f\u0103r\u0103 a-\u0219i achita nota de plat\u0103, c\u00e2nd se demonstreaz\u0103, f\u0103r\u0103 niciun dubiu, c\u0103 oaspetele a produs pagube materiale \u00een incinta motelului, c\u00e2nd oaspetele pleac\u0103 din motel cu obiecte care nu \u00eei apar\u021bin \u0219i pe care nu le-a achitat la recep\u021bie, sau c\u00e2nd oaspetele nu a anulat rezervarea \u00een termenul stabilit conform politicilor de anulare.<\/p>\n<p>Vom \u00eencerca s\u0103 rezolv\u0103m pe cale amiabil\u0103 orice controvers\u0103, disputa sau reclama\u021bie care ar putea s\u0103 apar\u0103 \u00een urma aplic\u0103rii politicilor hotelului nostru. \u00cen cazul \u00een care acest lucru nu este posibil, disput\u0103 va intra sub jurisdic\u021bia tribunalului Cluj.<\/p>\n<p><strong>Clauze finale<\/strong><\/p>\n<p>Consider\u0103m ca oaspe\u021bii no\u0219tri, \u00een momentul caz\u0103rii sau \u00een momentul solicit\u0103rii vreunui serviciu la Motel Gil\u0103u, au luat cuno\u0219tin\u021ba \u0219i au acceptat termenii \u0219i condi\u021biile mai sus men\u021bionate.<\/p>\n<p><strong>Modific\u0103ri ale politicii motelului<\/strong><\/p>\n<p>Politica motelului poate fi modificat\u0103 f\u0103r\u0103 a se face notific\u0103ri \u00een prealabil. Eventualele modific\u0103ri vor fi aduse la cuno\u0219tin\u021ba oaspe\u021bilor odat\u0103 cu intrarea lor \u00een vigoare.<\/p>\n\n\n<p><\/p>\n","protected":false},"excerpt":{"rendered":"<p>Dragi oaspe\u021bi, Dorin\u021ba noastr\u0103 este s\u0103 v\u0103 oferim o experien\u021b\u0103 de neuitat. Pentru aceasta, am stabilit o serie&#8230;<\/p>\n","protected":false},"author":1,"featured_media":0,"parent":0,"menu_order":0,"comment_status":"closed","ping_status":"open","template":"","meta":{"footnotes":""},"class_list":["post-3","page","type-page","status-publish","hentry"],"_links":{"self":[{"href":"https:\/\/motelgilau.ro\/en\/wp-json\/wp\/v2\/pages\/3","targetHints":{"allow":["GET"]}}],"collection":[{"href":"https:\/\/motelgilau.ro\/en\/wp-json\/wp\/v2\/pages"}],"about":[{"href":"https:\/\/motelgilau.ro\/en\/wp-json\/wp\/v2\/types\/page"}],"author":[{"embeddable":true,"href":"https:\/\/motelgilau.ro\/en\/wp-json\/wp\/v2\/users\/1"}],"replies":[{"embeddable":true,"href":"https:\/\/motelgilau.ro\/en\/wp-json\/wp\/v2\/comments?post=3"}],"version-history":[{"count":0,"href":"https:\/\/motelgilau.ro\/en\/wp-json\/wp\/v2\/pages\/3\/revisions"}],"wp:attachment":[{"href":"https:\/\/motelgilau.ro\/en\/wp-json\/wp\/v2\/media?parent=3"}],"curies":[{"name":"wp","href":"https:\/\/api.w.org\/{rel}","templated":true}]}}