{"id":3563,"date":"2021-02-02T20:02:20","date_gmt":"2021-02-02T18:02:20","guid":{"rendered":"https:\/\/motelgilau.ro\/?page_id=3563"},"modified":"2024-05-26T20:33:26","modified_gmt":"2024-05-26T17:33:26","slug":"a-la-carte","status":"publish","type":"page","link":"https:\/\/motelgilau.ro\/en\/a-la-carte\/","title":{"rendered":"A La Carte"},"content":{"rendered":"<div class=\"wpb-content-wrapper\"><p>[vc_row equal_height=&#8221;yes&#8221; content_placement=&#8221;middle&#8221; parallax=&#8221;content-moving&#8221; parallax_image=&#8221;3565&#8243; parallax_speed_bg=&#8221;4&#8243;][vc_column][\/vc_column][\/vc_row][vc_row][vc_column]<!--================ Section Heading ================-->\n<script>\n    (function($){\n        'use strict';\n\n        if(!$) return;\n\n        $(function(){\n            if(window.appear) {\n                appear({\n                    elements: function(){\n                        return document.querySelectorAll('#vc-milenia-section-heading-9870cf4e9c83ee32fa99df59743732de-17769703102000157542');\n                    },\n                    appear: function(element) {\n                        var $el = $(element);\n                        $el.addClass('milenia-visible').addClass($el.data('animation'));\n                    },\n                    reappear: false,\n                    bounds: -200\n                });\n            }\n        });\n    })(window.jQuery);\n<\/script>\n<div id=\"vc-milenia-section-heading-9870cf4e9c83ee32fa99df59743732de-17769703102000157542\" class=\"milenia-section-heading text-center  milenia-visible\" data-animation=\"none\">\n    <h6 class=\"milenia-section-subtitle milenia-font--like-body\" style=\"font-size: 14px;line-height: 20px;letter-spacing: 4.2px;margin-bottom: 10px;text-transform: uppercase;font-style: normal;font-weight: 400;\">Food needs to be tasty and delicios<\/h6>\n\n    <h2 class=\"milenia-section-title milenia-font--first-accented\" style=\"font-size: 52px;line-height: 58px;margin-bottom: 37px;text-transform: none;font-style: normal;font-weight: 400;\">In our kitchen we keep it simple<\/h2>\n\n    <p class=\"milenia-section-description milenia-font--like-body\" style=\"font-size: 18px;line-height: 30px;text-transform: none;font-style: normal;font-weight: 400;\">Check up on our A La Carte menu<\/p>\n\n<\/div>\n<!--================ End of Section Heading ================-->\n<script>\n    (function($){\n        'use strict';\n\n        if(!$) return;\n\n        $(function(){\n            if(window.appear) {\n                appear({\n                    elements: function(){\n                        return document.querySelectorAll('#vc-milenia-button-ba6fb688f0ed62f9de9c3b22ddf9728d-17769703101567796686');\n                    },\n                    appear: function(element) {\n                        var $el = $(element);\n                        $el.addClass('milenia-visible').addClass($el.data('animation'));\n                    },\n                    reappear: false,\n                    bounds: -200\n                });\n            }\n        });\n    })(window.jQuery);\n<\/script>\n<div id=\"vc-milenia-button-ba6fb688f0ed62f9de9c3b22ddf9728d-17769703101567796686\" class=\"milenia-button-container text-center milenia-body--scheme-brown milenia-visible\" data-animation=\"none\">\n    <a href=\"https:\/\/drive.google.com\/file\/d\/1h5mjkjP_8a_6GaS43j5QzIUVFJlxqNSE\/view\"\n       role=\"button\"\n       class=\"milenia-btn milenia-btn--medium milenia-btn--scheme-primary  milenia-font--like-body\"\n       title=\"\"\n       target=\"_blank\"\n       rel=\"\"\n       style=\"font-style: normal; letter-spacing: 1.8px; font-weight: 400; text-transform: uppercase;\">Download Menu<\/a>\n<\/div>\n[\/vc_column][\/vc_row][vc_row][vc_column width=&#8221;1\/2&#8243;]<!--================ Banners ================-->\n<script>\n    (function($){\n        'use strict';\n\n        var $container, $grid, $colorizer;\n\n        if(!$) return;\n\n        $(window).load(function() {\n\n\t        if(!window.Milenia || !window.MileniaIsotopeWrapper || !$.fn.isotope || !$.fn.jQueryImagesLoaded) return;\n\n\t        $container = $('#vc-milenia-panels-c683445df8e3afd7d0b243a49172cc28-1776970310104974782');\n\t        $grid = $container.find('.milenia-grid--isotope');\n\n\t        if(!$container.length || !$grid.length) return;\n\n\t        if(window.appear) {\n\t\t        appear({\n\t\t\t        elements: function(){\n\t\t\t\t        return document.querySelectorAll('#vc-milenia-panels-c683445df8e3afd7d0b243a49172cc28-1776970310104974782');\n\t\t\t        },\n\t\t\t        appear: function(element) {\n\t\t\t\t        var $el = $(element);\n\t\t\t\t        $el.addClass('milenia-visible').addClass($el.data('animation'));\n\t\t\t        },\n\t\t\t        reappear: false,\n\t\t\t        bounds: -200\n\t\t        });\n\t        }\n\n\t        $container.jQueryImagesLoaded().then(function(){\n\t\t        setTimeout(function() {\n\t\t\t        MileniaIsotopeWrapper.init($grid, {\n\t\t\t\t        itemSelector: '.milenia-grid-item',\n\t\t\t\t        transitionDuration: Milenia.ANIMATIONDURATION\n\t\t\t        });\n\t\t        }, 0)\n\t        });\n\n\t        if(window.Milenia.LinkUnderliner) {\n\t\t        window.Milenia.LinkUnderliner.init($container.find('a'));\n\t        }\n\n\t        $colorizer = $container.find('[class*=\"milenia-colorizer-\"]');\n\n\t        if($colorizer.length) {\n\t\t        if(window.Milenia && window.Milenia.helpers && window.Milenia.helpers.Colorizer) window.Milenia.helpers.Colorizer.init($colorizer);\n\t        }\n\n        });\n\n\/\/        $(function(){\n            \/\/ Check all necessary modules have been included\n\n\/\/        });\n\n    })(window.jQuery);\n<\/script>\n\n<div id=\"vc-milenia-panels-c683445df8e3afd7d0b243a49172cc28-1776970310104974782\" class=\"milenia-banners milenia-banners--style-2  milenia-visible\" data-animation=\"none\">\n    <div data-isotope-layout=\"masonry\" class=\"milenia-grid milenia-grid--isotope milenia-grid--shortcode milenia-grid--cols-1\"><div class=\"milenia-grid-sizer\"><\/div><!--================ Banner ================-->\n<div class=\"milenia-grid-item\">\n    <article class=\"milenia-banner\">\n        <div class=\"milenia-banner-media\" data-bg-image-src=\"https:\/\/motelgilau.ro\/wp-content\/uploads\/2021\/02\/Caracatita-Cu-Gnochi-De-Cartofi.jpg\" style=\"background-image: url(https:\/\/motelgilau.ro\/wp-content\/uploads\/2021\/02\/Caracatita-Cu-Gnochi-De-Cartofi.jpg)\">\n    <img loading=\"lazy\" decoding=\"async\" width=\"600\" height=\"400\" src=\"https:\/\/motelgilau.ro\/wp-content\/uploads\/2021\/02\/Caracatita-Cu-Gnochi-De-Cartofi.jpg\" class=\"attachment-full size-full\" alt=\"Caracati\u021b\u0103 Cu Gnochi De Cartofi\" srcset=\"https:\/\/motelgilau.ro\/wp-content\/uploads\/2021\/02\/Caracatita-Cu-Gnochi-De-Cartofi.jpg 600w, https:\/\/motelgilau.ro\/wp-content\/uploads\/2021\/02\/Caracatita-Cu-Gnochi-De-Cartofi-300x200.jpg 300w\" sizes=\"auto, (max-width: 600px) 100vw, 600px\" \/>\n<\/div>\n\n\n        <div class=\"milenia-banner-content milenia-aligner\">\n            <div class=\"milenia-aligner-outer\">\n                <div class=\"milenia-aligner-inner\">\n                    <div class=\"milenia-banner-text\">\n                        <h2 class=\"milenia-banner-title milenia-color--unchangeable\">Caracati\u021b\u0103 Cu Gnochi De Cartofi<\/h2>\n                        \n                    <\/div>\n\n                    \n                <\/div>\n            <\/div>\n        <\/div>\n    <\/article>\n<\/div>\n<!--================ End of Banner ================-->\n<!--================ Banner ================-->\n<div class=\"milenia-grid-item\">\n    <article class=\"milenia-banner\">\n        <div class=\"milenia-banner-media\" data-bg-image-src=\"https:\/\/motelgilau.ro\/wp-content\/uploads\/2021\/02\/Platou-Gilau.jpg\" style=\"background-image: url(https:\/\/motelgilau.ro\/wp-content\/uploads\/2021\/02\/Platou-Gilau.jpg)\">\n    <img loading=\"lazy\" decoding=\"async\" width=\"600\" height=\"400\" src=\"https:\/\/motelgilau.ro\/wp-content\/uploads\/2021\/02\/Platou-Gilau.jpg\" class=\"attachment-full size-full\" alt=\"\" srcset=\"https:\/\/motelgilau.ro\/wp-content\/uploads\/2021\/02\/Platou-Gilau.jpg 600w, https:\/\/motelgilau.ro\/wp-content\/uploads\/2021\/02\/Platou-Gilau-300x200.jpg 300w\" sizes=\"auto, (max-width: 600px) 100vw, 600px\" \/>\n<\/div>\n\n\n        <div class=\"milenia-banner-content milenia-aligner\">\n            <div class=\"milenia-aligner-outer\">\n                <div class=\"milenia-aligner-inner\">\n                    <div class=\"milenia-banner-text\">\n                        <h2 class=\"milenia-banner-title milenia-color--unchangeable\">Platou Gil\u0103u<\/h2>\n                        <p>Cu ravioli cu br\u00e2nz\u0103 de capr\u0103, pate de p\u0103str\u0103v afumat \u00een cas\u0103, unt aromatizat, piure de avocado, p\u0103str\u0103v gravlax<\/p>\n\n                    <\/div>\n\n                    \n                <\/div>\n            <\/div>\n        <\/div>\n    <\/article>\n<\/div>\n<!--================ End of Banner ================-->\n<!--================ Banner ================-->\n<div class=\"milenia-grid-item\">\n    <article class=\"milenia-banner\">\n        <div class=\"milenia-banner-media\" data-bg-image-src=\"https:\/\/motelgilau.ro\/wp-content\/uploads\/2021\/02\/Pastrav-File-Cu-Cous-Cous-Multicolor-2.jpg\" style=\"background-image: url(https:\/\/motelgilau.ro\/wp-content\/uploads\/2021\/02\/Pastrav-File-Cu-Cous-Cous-Multicolor-2.jpg)\">\n    <img loading=\"lazy\" decoding=\"async\" width=\"600\" height=\"400\" src=\"https:\/\/motelgilau.ro\/wp-content\/uploads\/2021\/02\/Pastrav-File-Cu-Cous-Cous-Multicolor-2.jpg\" class=\"attachment-full size-full\" alt=\"\" srcset=\"https:\/\/motelgilau.ro\/wp-content\/uploads\/2021\/02\/Pastrav-File-Cu-Cous-Cous-Multicolor-2.jpg 600w, https:\/\/motelgilau.ro\/wp-content\/uploads\/2021\/02\/Pastrav-File-Cu-Cous-Cous-Multicolor-2-300x200.jpg 300w\" sizes=\"auto, (max-width: 600px) 100vw, 600px\" \/>\n<\/div>\n\n\n        <div class=\"milenia-banner-content milenia-aligner\">\n            <div class=\"milenia-aligner-outer\">\n                <div class=\"milenia-aligner-inner\">\n                    <div class=\"milenia-banner-text\">\n                        <h2 class=\"milenia-banner-title milenia-color--unchangeable\">P\u0103str\u0103v File Cu Cous Cous Multicolor<\/h2>\n                        \n                    <\/div>\n\n                    \n                <\/div>\n            <\/div>\n        <\/div>\n    <\/article>\n<\/div>\n<!--================ End of Banner ================-->\n<\/div>\n<\/div>\n<!--================ End of Banners ================-->\n[\/vc_column][vc_column width=&#8221;1\/2&#8243;]<!--================ Banners ================-->\n<script>\n    (function($){\n        'use strict';\n\n        var $container, $grid, $colorizer;\n\n        if(!$) return;\n\n        $(window).load(function() {\n\n\t        if(!window.Milenia || !window.MileniaIsotopeWrapper || !$.fn.isotope || !$.fn.jQueryImagesLoaded) return;\n\n\t        $container = $('#vc-milenia-panels-8af140a274e4bb63b1ee4a6af6a30bc5-1776970310495778256');\n\t        $grid = $container.find('.milenia-grid--isotope');\n\n\t        if(!$container.length || !$grid.length) return;\n\n\t        if(window.appear) {\n\t\t        appear({\n\t\t\t        elements: function(){\n\t\t\t\t        return document.querySelectorAll('#vc-milenia-panels-8af140a274e4bb63b1ee4a6af6a30bc5-1776970310495778256');\n\t\t\t        },\n\t\t\t        appear: function(element) {\n\t\t\t\t        var $el = $(element);\n\t\t\t\t        $el.addClass('milenia-visible').addClass($el.data('animation'));\n\t\t\t        },\n\t\t\t        reappear: false,\n\t\t\t        bounds: -200\n\t\t        });\n\t        }\n\n\t        $container.jQueryImagesLoaded().then(function(){\n\t\t        setTimeout(function() {\n\t\t\t        MileniaIsotopeWrapper.init($grid, {\n\t\t\t\t        itemSelector: '.milenia-grid-item',\n\t\t\t\t        transitionDuration: Milenia.ANIMATIONDURATION\n\t\t\t        });\n\t\t        }, 0)\n\t        });\n\n\t        if(window.Milenia.LinkUnderliner) {\n\t\t        window.Milenia.LinkUnderliner.init($container.find('a'));\n\t        }\n\n\t        $colorizer = $container.find('[class*=\"milenia-colorizer-\"]');\n\n\t        if($colorizer.length) {\n\t\t        if(window.Milenia && window.Milenia.helpers && window.Milenia.helpers.Colorizer) window.Milenia.helpers.Colorizer.init($colorizer);\n\t        }\n\n        });\n\n\/\/        $(function(){\n            \/\/ Check all necessary modules have been included\n\n\/\/        });\n\n    })(window.jQuery);\n<\/script>\n\n<div id=\"vc-milenia-panels-8af140a274e4bb63b1ee4a6af6a30bc5-1776970310495778256\" class=\"milenia-banners milenia-banners--style-2  milenia-visible\" data-animation=\"none\">\n    <div data-isotope-layout=\"masonry\" class=\"milenia-grid milenia-grid--isotope milenia-grid--shortcode milenia-grid--cols-1\"><div class=\"milenia-grid-sizer\"><\/div><!--================ Banner ================-->\n<div class=\"milenia-grid-item\">\n    <article class=\"milenia-banner\">\n        <div class=\"milenia-banner-media\" data-bg-image-src=\"https:\/\/motelgilau.ro\/wp-content\/uploads\/2021\/02\/pizza-burata.jpg\" style=\"background-image: url(https:\/\/motelgilau.ro\/wp-content\/uploads\/2021\/02\/pizza-burata.jpg)\">\n    <img loading=\"lazy\" decoding=\"async\" width=\"600\" height=\"400\" src=\"https:\/\/motelgilau.ro\/wp-content\/uploads\/2021\/02\/pizza-burata.jpg\" class=\"attachment-full size-full\" alt=\"pizza-burata\" srcset=\"https:\/\/motelgilau.ro\/wp-content\/uploads\/2021\/02\/pizza-burata.jpg 600w, https:\/\/motelgilau.ro\/wp-content\/uploads\/2021\/02\/pizza-burata-300x200.jpg 300w\" sizes=\"auto, (max-width: 600px) 100vw, 600px\" \/>\n<\/div>\n\n\n        <div class=\"milenia-banner-content milenia-aligner\">\n            <div class=\"milenia-aligner-outer\">\n                <div class=\"milenia-aligner-inner\">\n                    <div class=\"milenia-banner-text\">\n                        <h2 class=\"milenia-banner-title milenia-color--unchangeable\">Buratta E Pesto<\/h2>\n                        <p>Sos pesto, mozzarella fresca, buratta, ceap\u0103 verde,ro\u0219ii uscate, crema aceto balsamico<\/p>\n\n                    <\/div>\n\n                    \n                <\/div>\n            <\/div>\n        <\/div>\n    <\/article>\n<\/div>\n<!--================ End of Banner ================-->\n<!--================ Banner ================-->\n<div class=\"milenia-grid-item\">\n    <article class=\"milenia-banner\">\n        <div class=\"milenia-banner-media\" data-bg-image-src=\"https:\/\/motelgilau.ro\/wp-content\/uploads\/2021\/02\/Pistachio-Mortadella.jpg\" style=\"background-image: url(https:\/\/motelgilau.ro\/wp-content\/uploads\/2021\/02\/Pistachio-Mortadella.jpg)\">\n    <img loading=\"lazy\" decoding=\"async\" width=\"600\" height=\"400\" src=\"https:\/\/motelgilau.ro\/wp-content\/uploads\/2021\/02\/Pistachio-Mortadella.jpg\" class=\"attachment-full size-full\" alt=\"Pistachio Mortadella\" srcset=\"https:\/\/motelgilau.ro\/wp-content\/uploads\/2021\/02\/Pistachio-Mortadella.jpg 600w, https:\/\/motelgilau.ro\/wp-content\/uploads\/2021\/02\/Pistachio-Mortadella-300x200.jpg 300w\" sizes=\"auto, (max-width: 600px) 100vw, 600px\" \/>\n<\/div>\n\n\n        <div class=\"milenia-banner-content milenia-aligner\">\n            <div class=\"milenia-aligner-outer\">\n                <div class=\"milenia-aligner-inner\">\n                    <div class=\"milenia-banner-text\">\n                        <h2 class=\"milenia-banner-title milenia-color--unchangeable\">Pistachio Mortadella<\/h2>\n                        <p>Crem\u0103 parmezan, mozzarella fresca, mortadela, fistic, pesto de fistic cu leurd\u0103<\/p>\n\n                    <\/div>\n\n                    \n                <\/div>\n            <\/div>\n        <\/div>\n    <\/article>\n<\/div>\n<!--================ End of Banner ================-->\n<!--================ Banner ================-->\n<div class=\"milenia-grid-item\">\n    <article class=\"milenia-banner\">\n        <div class=\"milenia-banner-media\" data-bg-image-src=\"https:\/\/motelgilau.ro\/wp-content\/uploads\/2021\/02\/Vegetariana.jpg\" style=\"background-image: url(https:\/\/motelgilau.ro\/wp-content\/uploads\/2021\/02\/Vegetariana.jpg)\">\n    <img loading=\"lazy\" decoding=\"async\" width=\"600\" height=\"400\" src=\"https:\/\/motelgilau.ro\/wp-content\/uploads\/2021\/02\/Vegetariana.jpg\" class=\"attachment-full size-full\" alt=\"Vegetariana\" srcset=\"https:\/\/motelgilau.ro\/wp-content\/uploads\/2021\/02\/Vegetariana.jpg 600w, https:\/\/motelgilau.ro\/wp-content\/uploads\/2021\/02\/Vegetariana-300x200.jpg 300w\" sizes=\"auto, (max-width: 600px) 100vw, 600px\" \/>\n<\/div>\n\n\n        <div class=\"milenia-banner-content milenia-aligner\">\n            <div class=\"milenia-aligner-outer\">\n                <div class=\"milenia-aligner-inner\">\n                    <div class=\"milenia-banner-text\">\n                        <h2 class=\"milenia-banner-title milenia-color--unchangeable\">Vegetariana<\/h2>\n                        <p>Vinete baba ganoush,mozzarella fresca, ardei gras, dovlecei, valerian\u0103, susan<\/p>\n\n                    <\/div>\n\n                    \n                <\/div>\n            <\/div>\n        <\/div>\n    <\/article>\n<\/div>\n<!--================ End of Banner ================-->\n<\/div>\n<\/div>\n<!--================ End of Banners ================-->\n[\/vc_column][\/vc_row][vc_row][vc_column]<!--================ Section Heading ================-->\n<script>\n    (function($){\n        'use strict';\n\n        if(!$) return;\n\n        $(function(){\n            if(window.appear) {\n                appear({\n                    elements: function(){\n                        return document.querySelectorAll('#vc-milenia-section-heading-ada07a3d6955c66ff88994832af8fa31-1776970310213442599');\n                    },\n                    appear: function(element) {\n                        var $el = $(element);\n                        $el.addClass('milenia-visible').addClass($el.data('animation'));\n                    },\n                    reappear: false,\n                    bounds: -200\n                });\n            }\n        });\n    })(window.jQuery);\n<\/script>\n<div id=\"vc-milenia-section-heading-ada07a3d6955c66ff88994832af8fa31-1776970310213442599\" class=\"milenia-section-heading text-center  milenia-visible\" data-animation=\"none\">\n    <h6 class=\"milenia-section-subtitle milenia-font--like-body\" style=\"font-size: 14px;line-height: 20px;letter-spacing: 4.2px;margin-bottom: 10px;text-transform: uppercase;font-style: normal;font-weight: 400;\">Our chef is going to show you some recepies<\/h6>\n\n    <h2 class=\"milenia-section-title milenia-font--first-accented\" style=\"font-size: 52px;line-height: 58px;margin-bottom: 37px;text-transform: none;font-style: normal;font-weight: 400;\">Take a closer look how we do it<\/h2>\n\n    <p class=\"milenia-section-description milenia-font--like-body\" style=\"font-size: 18px;line-height: 30px;text-transform: none;font-style: normal;font-weight: 400;\">Check out on our A La Carte menu<\/p>\n\n<\/div>\n<!--================ End of Section Heading ================-->\n<script>\n    (function($){\n        'use strict';\n\n        if(!$) return;\n\n        $(function(){\n            if(window.appear) {\n                appear({\n                    elements: function(){\n                        return document.querySelectorAll('#vc-milenia-button-60dc804fe18fba84387221d0b3005f6c-1776970310238424319');\n                    },\n                    appear: function(element) {\n                        var $el = $(element);\n                        $el.addClass('milenia-visible').addClass($el.data('animation'));\n                    },\n                    reappear: false,\n                    bounds: -200\n                });\n            }\n        });\n    })(window.jQuery);\n<\/script>\n<div id=\"vc-milenia-button-60dc804fe18fba84387221d0b3005f6c-1776970310238424319\" class=\"milenia-button-container text-center milenia-body--scheme-brown milenia-visible\" data-animation=\"none\">\n    <a href=\"https:\/\/drive.google.com\/file\/d\/1h5mjkjP_8a_6GaS43j5QzIUVFJlxqNSE\/view\"\n       role=\"button\"\n       class=\"milenia-btn milenia-btn--medium milenia-btn--scheme-primary  milenia-font--like-body\"\n       title=\"\"\n       target=\"_blank\"\n       rel=\"\"\n       style=\"font-style: normal; letter-spacing: 1.8px; font-weight: 400; text-transform: uppercase;\">Download Menu<\/a>\n<\/div>\n[\/vc_column][\/vc_row][vc_row][vc_column width=&#8221;1\/3&#8243;][vc_video link=&#8221;https:\/\/www.youtube.com\/watch?v=561yamvgFBY&amp;ab_channel=MotelGilau&#8221;][\/vc_column][vc_column width=&#8221;1\/3&#8243;][vc_video link=&#8221;https:\/\/www.youtube.com\/watch?v=Upz6LVXjLg4&amp;ab_channel=MotelGilau&#8221;][\/vc_column][vc_column width=&#8221;1\/3&#8243;][vc_video link=&#8221;https:\/\/www.youtube.com\/watch?v=gmVsxSSuhtc&amp;ab_channel=MotelGilau&#8221;][\/vc_column][\/vc_row][vc_row][vc_column][\/vc_column][\/vc_row]<\/p>\n<\/div>","protected":false},"excerpt":{"rendered":"<p>[vc_row equal_height=&#8221;yes&#8221; content_placement=&#8221;middle&#8221; parallax=&#8221;content-moving&#8221; parallax_image=&#8221;3565&#8243; parallax_speed_bg=&#8221;4&#8243;][vc_column][\/vc_column][\/vc_row][vc_row][vc_column][\/vc_column][\/vc_row][vc_row][vc_column width=&#8221;1\/2&#8243;][\/vc_column][vc_column width=&#8221;1\/2&#8243;][\/vc_column][\/vc_row][vc_row][vc_column][\/vc_column][\/vc_row][vc_row][vc_column width=&#8221;1\/3&#8243;][vc_video link=&#8221;https:\/\/www.youtube.com\/watch?v=561yamvgFBY&amp;ab_channel=MotelGilau&#8221;][\/vc_column][vc_column width=&#8221;1\/3&#8243;][vc_video link=&#8221;https:\/\/www.youtube.com\/watch?v=Upz6LVXjLg4&amp;ab_channel=MotelGilau&#8221;][\/vc_column][vc_column width=&#8221;1\/3&#8243;][vc_video link=&#8221;https:\/\/www.youtube.com\/watch?v=gmVsxSSuhtc&amp;ab_channel=MotelGilau&#8221;][\/vc_column][\/vc_row][vc_row][vc_column][\/vc_column][\/vc_row]<\/p>\n","protected":false},"author":1,"featured_media":0,"parent":0,"menu_order":0,"comment_status":"closed","ping_status":"closed","template":"","meta":{"footnotes":""},"class_list":["post-3563","page","type-page","status-publish","hentry"],"_links":{"self":[{"href":"https:\/\/motelgilau.ro\/en\/wp-json\/wp\/v2\/pages\/3563","targetHints":{"allow":["GET"]}}],"collection":[{"href":"https:\/\/motelgilau.ro\/en\/wp-json\/wp\/v2\/pages"}],"about":[{"href":"https:\/\/motelgilau.ro\/en\/wp-json\/wp\/v2\/types\/page"}],"author":[{"embeddable":true,"href":"https:\/\/motelgilau.ro\/en\/wp-json\/wp\/v2\/users\/1"}],"replies":[{"embeddable":true,"href":"https:\/\/motelgilau.ro\/en\/wp-json\/wp\/v2\/comments?post=3563"}],"version-history":[{"count":2,"href":"https:\/\/motelgilau.ro\/en\/wp-json\/wp\/v2\/pages\/3563\/revisions"}],"predecessor-version":[{"id":6142,"href":"https:\/\/motelgilau.ro\/en\/wp-json\/wp\/v2\/pages\/3563\/revisions\/6142"}],"wp:attachment":[{"href":"https:\/\/motelgilau.ro\/en\/wp-json\/wp\/v2\/media?parent=3563"}],"curies":[{"name":"wp","href":"https:\/\/api.w.org\/{rel}","templated":true}]}}